{"id":28,"date":"2019-07-04T12:27:22","date_gmt":"2019-07-04T12:27:22","guid":{"rendered":"https:\/\/spiritual-health.ch\/?page_id=28"},"modified":"2021-06-29T07:20:04","modified_gmt":"2021-06-29T07:20:04","slug":"ueber-mich","status":"publish","type":"page","link":"https:\/\/spiritual-health.ch\/?page_id=28","title":{"rendered":"\u00dcber mich"},"content":{"rendered":"<p>[vc_row][vc_column][vc_custom_heading text=&#8220;\u00dcber mich &#8211; Carlo Bettinelli&#8220; font_container=&#8220;tag:h2|font_size:40|text_align:center|color:%23ffffff&#8220; use_theme_fonts=&#8220;yes&#8220;][\/vc_column][\/vc_row][vc_row][vc_column][vc_empty_space height=&#8220;20px&#8220;][vc_column_text]Ich war lange Zeit kein spiritueller Mensch und orientierte mich vor allem an der wissenschaftlichen Welt. Dort habe ich mir \u00fcber meinen Perfektionismus einen sehr hohen Grad an Achtsamkeit angeeignet. Diesen kann ich mir nun beim Umgang mit Klienten zu Nutze machen. Von meiner Hochsensibilit\u00e4t habe ich leider erst sp\u00e4t in meinem Leben erfahren. Diese war in der Kindheit wohl so schwer zu ertragen, dass ich sie f\u00fcr lange Zeit komplett unterdr\u00fcckt hatte. Als ich sie jedoch wiederentdeckt hatte, annahm und sie auch zu leben begann, hat sich mein Leben komplett ver\u00e4ndert.<\/p>\n<p>Durch die Quantenphysik und den Schamanismus tauchte ich immer tiefer in diese Welt ein. Per Zufall kam ich dann zum Familienstellen, welches mir einen komplett neuen Kosmos er\u00f6ffnete. Ich befand mich pl\u00f6tzlich in einem neuen Leben. Dieses er\u00f6ffnete mir ungeahnte M\u00f6glichkeiten, welche ich schon bald als meine eigentliche Berufung wahrnehmen konnte.<br \/>\nNun will ich mein Wissen und meine Erfahrungen anwenden um andern Menschen zu helfen.<\/p>\n<p>Wenn ich heute \u00fcber meinen Wandel nachdenke kommen mir folgende Gedanken:<\/p>\n<p>Die Quantenphysik hat so manche durch die Wissenschaft festgeschrieben Wahrheit \u00fcber den Haufen geworfen. Solange geforscht wird, werden sich immer wieder neue Erkenntnisse etablieren, welche als wissenschaftlich belegt und unumst\u00f6sslich gelten, bis diese dann erneut von anderen Entdeckungen abgel\u00f6st und f\u00fcr nichtig erkl\u00e4rt werden.<br \/>\nDas gleiche Prinzip gilt meiner Meinung nach bei der Erforschung des eigenen Wesens. Das Leben sollte eine Reise anhaltender neuer Erkenntnisse, auch \u00fcber sich selbst, sein. Je tiefer man sich selbst erforscht hat umso n\u00e4her werden sich der K\u00f6rper, die mentale Ebene und die Seele kommen. Dabei unterst\u00fctze ich meine Klienten.[\/vc_column_text][vc_empty_space height=&#8220;10px&#8220;][\/vc_column][\/vc_row][vc_row][vc_column][vc_custom_heading text=&#8220;Aus- und Weiterbildung&#8220; font_container=&#8220;tag:h2|font_size:40|text_align:center|color:%23ffffff&#8220; use_theme_fonts=&#8220;yes&#8220;][vc_column_text]<\/p>\n<table class=\" alignleft\">\n<tbody>\n<tr>\n<td>Seminar:<br \/>\nBesser aufgestellt in der Mediation<br \/>\nSystemische Strukturaufstellungen f\u00fcr<br \/>\nMediation und Konfliktmanagement<\/td>\n<td>2021<\/td>\n<td>Marco Ronzani<br \/>\n<a href=\"https:\/\/www.perspectiva.ch\" target=\"_blank\" rel=\"noopener noreferrer\">Ausbildungsinstitut perspectiva<\/a><\/td>\n<\/tr>\n<tr>\n<td>Diplomlehrgang:<br \/>\nProfessionelles Familienstellen<br \/>\nSystemisches Coaching<\/td>\n<td>2018-2019<\/td>\n<td>Beatrice Styger<br \/>\n<a href=\"https:\/\/www.medicus-schule.ch\/\" target=\"_blank\" rel=\"noopener noreferrer\">Medicus Fachschule f\u00fcr Naturheilkunde<\/a><\/td>\n<\/tr>\n<tr>\n<td>Reiki zweiter Grad: OKU DEN<\/td>\n<td>2019<\/td>\n<td>Ursulai Frauchiger<br \/>\n<a href=\"https:\/\/www.dichsein.ch\/\" target=\"_blank\" rel=\"noopener noreferrer\">Lichtinsel unter dem Regenbogen<\/a><\/td>\n<\/tr>\n<tr>\n<td>Seminar: Human by Design<\/td>\n<td>2018<\/td>\n<td>Gregg Braden<br \/>\n<a href=\"https:\/\/www.greggbraden.com\/\" target=\"_blank\" rel=\"noopener noreferrer\">Gregg Braden<\/a><\/td>\n<\/tr>\n<tr>\n<td>Seminar: Choose Love over Fear<\/td>\n<td>2018<\/td>\n<td>Marianne Williamson<br \/>\n<a href=\"https:\/\/marianne.com\/\" target=\"_blank\" rel=\"noopener noreferrer\">Marianne Williamson<\/a><\/td>\n<\/tr>\n<tr>\n<td>Workshop: Seelenbeben \/ Herz-Erleuchtung<\/td>\n<td>2018<\/td>\n<td>Thomas Young<br \/>\n<a href=\"https:\/\/thomasyoung.com\/\" target=\"_blank\" rel=\"noopener noreferrer\">Thomas Young<\/a><\/td>\n<\/tr>\n<tr>\n<td>Diplomlehrgang: Spiritual Healing<\/td>\n<td>2018<\/td>\n<td>Vadim Tschenze<br \/>\n<a href=\"https:\/\/www.vadimtschenze.ch\/\" target=\"_blank\" rel=\"noopener noreferrer\">Vadim Tschenze Akademie<\/a><\/td>\n<\/tr>\n<tr>\n<td>Reiki erster Grad: SHO DEN<\/td>\n<td>2018<\/td>\n<td>Ursulai Frauchiger<br \/>\n<a href=\"https:\/\/www.dichsein.ch\/\" target=\"_blank\" rel=\"noopener noreferrer\">Lichtinsel unter dem Regenbogen<\/a><\/td>\n<\/tr>\n<tr>\n<td>Hypnose Basis Seminar<\/td>\n<td>2018<\/td>\n<td>Gabriel Palacios<br \/>\n<a href=\"https:\/\/www.gabriel-palacios.ch\/\" target=\"_blank\" rel=\"noopener noreferrer\">Palacios Relations<\/a><\/td>\n<\/tr>\n<\/tbody>\n<\/table>\n<p>[\/vc_column_text][\/vc_column][\/vc_row]<\/p>\n","protected":false},"excerpt":{"rendered":"<p>[vc_row][vc_column][vc_custom_heading text=&#8220;\u00dcber mich &#8211; Carlo Bettinelli&#8220; font_container=&#8220;tag:h2|font_size:40|text_align:center|color:%23ffffff&#8220; use_theme_fonts=&#8220;yes&#8220;][\/vc_column][\/vc_row][vc_row][vc_column][vc_empty_space height=&#8220;20px&#8220;][vc_column_text]Ich war lange Zeit kein spiritueller Mensch und orientierte mich vor allem an der wissenschaftlichen Welt. Dort habe<span class=\"excerpt-hellip\"> [\u2026]<\/span><\/p>\n","protected":false},"author":1,"featured_media":0,"parent":0,"menu_order":0,"comment_status":"closed","ping_status":"closed","template":"","meta":[],"_links":{"self":[{"href":"https:\/\/spiritual-health.ch\/index.php?rest_route=\/wp\/v2\/pages\/28"}],"collection":[{"href":"https:\/\/spiritual-health.ch\/index.php?rest_route=\/wp\/v2\/pages"}],"about":[{"href":"https:\/\/spiritual-health.ch\/index.php?rest_route=\/wp\/v2\/types\/page"}],"author":[{"embeddable":true,"href":"https:\/\/spiritual-health.ch\/index.php?rest_route=\/wp\/v2\/users\/1"}],"replies":[{"embeddable":true,"href":"https:\/\/spiritual-health.ch\/index.php?rest_route=%2Fwp%2Fv2%2Fcomments&post=28"}],"version-history":[{"count":22,"href":"https:\/\/spiritual-health.ch\/index.php?rest_route=\/wp\/v2\/pages\/28\/revisions"}],"predecessor-version":[{"id":194,"href":"https:\/\/spiritual-health.ch\/index.php?rest_route=\/wp\/v2\/pages\/28\/revisions\/194"}],"wp:attachment":[{"href":"https:\/\/spiritual-health.ch\/index.php?rest_route=%2Fwp%2Fv2%2Fmedia&parent=28"}],"curies":[{"name":"wp","href":"https:\/\/api.w.org\/{rel}","templated":true}]}}