{"id":200,"date":"2022-06-15T14:33:02","date_gmt":"2022-06-15T14:33:02","guid":{"rendered":"https:\/\/spiritual-health.ch\/?page_id=200"},"modified":"2023-05-07T13:01:07","modified_gmt":"2023-05-07T13:01:07","slug":"systemische-gruppen-aufstellungen","status":"publish","type":"page","link":"https:\/\/spiritual-health.ch\/?page_id=200","title":{"rendered":"Systemische Gruppen &#8211; Aufstellungen"},"content":{"rendered":"<p>[vc_row][vc_column][vc_custom_heading text=&#8220;Systemische Gruppen Aufstellungen&#8220; font_container=&#8220;tag:h2|font_size:40|text_align:center|color:%23ffffff&#8220; use_theme_fonts=&#8220;yes&#8220;][\/vc_column][\/vc_row][vc_row][vc_column][vc_empty_space height=&#8220;20px&#8220;][vc_column_text]<\/p>\n<p style=\"text-align: left;\">Auch dieses Jahr biete ich systemische Aufstellungen in der Gruppe an. Mit meiner <a href=\"https:\/\/www.ki-bo.ch\/\">Ausbildungskollegin<\/a> zusammen f\u00fchren wir dies Jahr an vier Wochenendtagen von 09.00 \u2013 ca. 17.00 einen Aufstellungstag durch.<\/p>\n<p>[\/vc_column_text][\/vc_column][\/vc_row][vc_row][vc_column width=&#8220;1\/4&#8243;][\/vc_column][vc_column width=&#8220;1\/2&#8243;][vc_column_text]<\/p>\n<p style=\"text-align: center;\">Termine:<\/p>\n<p>[\/vc_column_text][vc_column_text]<\/p>\n<p style=\"text-align: center;\">17.06.2023 Praxisraum Malters<br \/>\n20.08.2023 Praxisraum Grenchen<br \/>\n23.09.2023 Praxisraum Malters<br \/>\n04.11.2023 Praxisraum Grenchen<\/p>\n<p>[\/vc_column_text][\/vc_column][vc_column width=&#8220;1\/4&#8243;][\/vc_column][\/vc_row][vc_row][vc_column][vc_empty_space height=&#8220;20px&#8220;][vc_column_text]<\/p>\n<p style=\"text-align: left;\">Es werden jeweils vier Aufstellungen durchgef\u00fchrt. Da es sich um Familienstellen in der Gruppe handelt, k\u00f6nnen Sie auch als Stellvertreter teilnehmen, ohne ein eigenes Thema aufzustellen. Dies eignet sich auch hervorragend f\u00fcr Leute, welche einen ersten Kontakt zur systemischen Arbeit herstellen m\u00f6chten. Als Stellvertreter \u00fcbernehmen Sie eine Rolle in einer oder mehreren Aufstellungen, wo Sie beispielsweise ein Familienmitglied, ein Symptom, einer Ressource usw. Verk\u00f6rpern. Somit k\u00f6nnen Sie erfahren und sp\u00fcren, was beim Familienstellen gemacht wird. Als Stellvertreter k\u00f6nnen Sie aber auch immer viele eigene Verstrickungen und Muster l\u00f6sen. Sie werden also auch als Stellvertreter vieles aus diesen Aufstellungen gewinnen k\u00f6nnen.<br \/>\nSie brauchen weder als Aufsteller eines eigenen Themas noch als Stellvertreter irgendwelche Vorkenntnisse mitzubringen.<\/p>\n<p>[\/vc_column_text][\/vc_column][\/vc_row][vc_row][vc_column width=&#8220;1\/4&#8243;][\/vc_column][vc_column width=&#8220;1\/4&#8243;][vc_single_image image=&#8220;232&#8243; img_size=&#8220;full&#8220; onclick=&#8220;link_image&#8220;][\/vc_column][vc_column width=&#8220;1\/4&#8243;][vc_single_image image=&#8220;233&#8243; img_size=&#8220;full&#8220; onclick=&#8220;link_image&#8220;][\/vc_column][vc_column width=&#8220;1\/4&#8243;][\/vc_column][\/vc_row]<\/p>\n","protected":false},"excerpt":{"rendered":"<p>[vc_row][vc_column][vc_custom_heading text=&#8220;Systemische Gruppen Aufstellungen&#8220; font_container=&#8220;tag:h2|font_size:40|text_align:center|color:%23ffffff&#8220; use_theme_fonts=&#8220;yes&#8220;][\/vc_column][\/vc_row][vc_row][vc_column][vc_empty_space height=&#8220;20px&#8220;][vc_column_text] Auch dieses Jahr biete ich systemische Aufstellungen in der Gruppe an. Mit meiner Ausbildungskollegin zusammen f\u00fchren wir dies Jahr<span class=\"excerpt-hellip\"> [\u2026]<\/span><\/p>\n","protected":false},"author":2,"featured_media":0,"parent":0,"menu_order":0,"comment_status":"closed","ping_status":"closed","template":"","meta":[],"_links":{"self":[{"href":"https:\/\/spiritual-health.ch\/index.php?rest_route=\/wp\/v2\/pages\/200"}],"collection":[{"href":"https:\/\/spiritual-health.ch\/index.php?rest_route=\/wp\/v2\/pages"}],"about":[{"href":"https:\/\/spiritual-health.ch\/index.php?rest_route=\/wp\/v2\/types\/page"}],"author":[{"embeddable":true,"href":"https:\/\/spiritual-health.ch\/index.php?rest_route=\/wp\/v2\/users\/2"}],"replies":[{"embeddable":true,"href":"https:\/\/spiritual-health.ch\/index.php?rest_route=%2Fwp%2Fv2%2Fcomments&post=200"}],"version-history":[{"count":23,"href":"https:\/\/spiritual-health.ch\/index.php?rest_route=\/wp\/v2\/pages\/200\/revisions"}],"predecessor-version":[{"id":214,"href":"https:\/\/spiritual-health.ch\/index.php?rest_route=\/wp\/v2\/pages\/200\/revisions\/214"}],"wp:attachment":[{"href":"https:\/\/spiritual-health.ch\/index.php?rest_route=%2Fwp%2Fv2%2Fmedia&parent=200"}],"curies":[{"name":"wp","href":"https:\/\/api.w.org\/{rel}","templated":true}]}}