{"id":20,"date":"2019-07-04T12:26:19","date_gmt":"2019-07-04T12:26:19","guid":{"rendered":"https:\/\/spiritual-health.ch\/?page_id=20"},"modified":"2023-05-07T13:21:11","modified_gmt":"2023-05-07T13:21:11","slug":"systemische-aufstellungen","status":"publish","type":"page","link":"https:\/\/spiritual-health.ch\/?page_id=20","title":{"rendered":"Systemische Aufstellungen"},"content":{"rendered":"<p>[vc_row][vc_column][vc_custom_heading text=&#8220;Systemische Aufstellungen &amp; Familienstellen&#8220; font_container=&#8220;tag:h2|font_size:40|text_align:center|color:%23ffffff&#8220; use_theme_fonts=&#8220;yes&#8220;][\/vc_column][\/vc_row][vc_row][vc_column][vc_empty_space height=&#8220;20px&#8220;][vc_column_text]<\/p>\n<p style=\"text-align: center;\">\u00a0Gruppenaufstellungen 2023 \u00a0 <a href=\"https:\/\/spiritual-health.ch\/?page_id=200\">&gt;&gt;Mehr Infos hier&lt;&lt;<\/a><\/p>\n<p>[\/vc_column_text][vc_empty_space height=&#8220;20px&#8220;][vc_column_text]Alles ist mit allem verbunden. Aus diesem Grunde sind wir alle ein Teil eines Systems und unterliegen somit auch den Einfl\u00fcssen daraus. Das Herkunftssystem, welches vor allem aus dem Familien- und Ahnenumfeld stammt, beeinflusst uns meistens am st\u00e4rksten. Es sind aber auch Verflechtungen mit anderen Systemen m\u00f6glich, mit denen man zum Beispiel am Arbeitsplatz oder bei Freizeitaktivit\u00e4ten Verstrickungen manifestieren kann. Beim systemischen Coaching geht es darum diese aufzuzeigen und zu l\u00f6sen oder zu ver\u00e4ndern.<\/p>\n<p>Der Aufstellungsprozess zeigt die Verstrickungen, also die auf einer anderen Ebene wirkenden Kr\u00e4fte, hinter der wahrgenommenen &#8222;Alltags-Realit\u00e4t&#8220; auf. Durch die Interaktion und die Ver\u00e4nderung der Positionen der Aufgestellten Individuen und Ressourcen, wird die Ordnung im System wird wiederhergestellt. So k\u00f6nnen auch sehr alte, oft unbewusste Muster gel\u00f6st werden.<\/p>\n<p>Mit den Strukturaufstellungen kann dies genauso gut im Gesch\u00e4ftlichen Umfeld, zum Beispiel f\u00fcr eine Organisationsanalyse, angewendet werden. Dabei geht man gleich vor wie beim Familienstellen aber es werden vermehrt Ressourcen, wie Abteilungen, Ertrag, Stellenbeschreibungen, usw., aufgestellt.<\/p>\n<p>Alle Aufstellungen k\u00f6nnen mit Stellvertretern oder im Einzelsetting mit Figuren oder Bodenankern durchgef\u00fchrt werden.<\/p>\n<p>Ich habe mich auf das Stellen im Einzelsetting spezialisiert, da es unabh\u00e4ngig von Stellvertretern nur mit dem Klienten durchgef\u00fchrt werden kann. Dies erm\u00f6glicht einen vertrauten Rahmen, insbesondere wenn der Klient heikle Themen hat. Zudem ist diese Art unabh\u00e4ngig von Zeit und Ort, da es keine Stellvertreter braucht.<br \/>\nDie Systemischen Aufstellungen habe sich seit der Verbreitung durch Bert Hellinger im Lauf der Jahre, durch neue Erkenntnisse aus der Praxis, immer wieder leicht ver\u00e4ndert. Es gibt verschieden Ans\u00e4tze, welche im Kern aber immer auf das gleiche zielen. Sei dies das Familienstellen nach Bert Hellinger, Franz Ruppert, Matthias Varga von Kib\u00e9d, Insa Sparrer oder auch von anderen nicht so bekannten Leuten. Deshalb arbeite ich auch nicht nur nach einer Form des Familienstellens. Vielmehr passe ich diese den erforderlichen Umst\u00e4nden, welche jede individuelle Aufstellung fordert, an.<\/p>\n<p>Die Themen, welche mit der Aufstellungsarbeit angeschaut werden k\u00f6nnen sind praktisch unbegrenzt.<br \/>\nHier ein kleiner Ausschnitt von Themen, welche oft mit Familienstellen gel\u00f6st werden k\u00f6nnen:<\/p>\n<ul>\n<li>Traumatische Erlebnisse<\/li>\n<li>Selbstwert<\/li>\n<li>Beziehungsprobleme mit anderen Menschen<\/li>\n<li>Trauer<\/li>\n<li>Krankheiten<\/li>\n<li>Firmen- und Organisations- Strukturen<\/li>\n<li>Entscheidungsfindung beim Jobwechsel<\/li>\n<li>Gef\u00fchlsverluste<\/li>\n<li>Muster aus der Kindheit, wie: &#8222;nicht gen\u00fcgen&#8220;, &#8222;Verlustangst&#8220;, &#8222;nicht geliebt zu werden&#8220;<\/li>\n<li>und vieles mehr<\/li>\n<\/ul>\n<p>[\/vc_column_text][\/vc_column][\/vc_row][vc_row][vc_column][\/vc_column][\/vc_row]<\/p>\n","protected":false},"excerpt":{"rendered":"<p>[vc_row][vc_column][vc_custom_heading text=&#8220;Systemische Aufstellungen &amp; Familienstellen&#8220; font_container=&#8220;tag:h2|font_size:40|text_align:center|color:%23ffffff&#8220; use_theme_fonts=&#8220;yes&#8220;][\/vc_column][\/vc_row][vc_row][vc_column][vc_empty_space height=&#8220;20px&#8220;][vc_column_text] \u00a0Gruppenaufstellungen 2023 \u00a0 &gt;&gt;Mehr Infos hier&lt;&lt; [\/vc_column_text][vc_empty_space height=&#8220;20px&#8220;][vc_column_text]Alles ist mit allem verbunden. Aus diesem Grunde sind wir alle<span class=\"excerpt-hellip\"> [\u2026]<\/span><\/p>\n","protected":false},"author":1,"featured_media":0,"parent":0,"menu_order":0,"comment_status":"closed","ping_status":"closed","template":"","meta":[],"_links":{"self":[{"href":"https:\/\/spiritual-health.ch\/index.php?rest_route=\/wp\/v2\/pages\/20"}],"collection":[{"href":"https:\/\/spiritual-health.ch\/index.php?rest_route=\/wp\/v2\/pages"}],"about":[{"href":"https:\/\/spiritual-health.ch\/index.php?rest_route=\/wp\/v2\/types\/page"}],"author":[{"embeddable":true,"href":"https:\/\/spiritual-health.ch\/index.php?rest_route=\/wp\/v2\/users\/1"}],"replies":[{"embeddable":true,"href":"https:\/\/spiritual-health.ch\/index.php?rest_route=%2Fwp%2Fv2%2Fcomments&post=20"}],"version-history":[{"count":19,"href":"https:\/\/spiritual-health.ch\/index.php?rest_route=\/wp\/v2\/pages\/20\/revisions"}],"predecessor-version":[{"id":235,"href":"https:\/\/spiritual-health.ch\/index.php?rest_route=\/wp\/v2\/pages\/20\/revisions\/235"}],"wp:attachment":[{"href":"https:\/\/spiritual-health.ch\/index.php?rest_route=%2Fwp%2Fv2%2Fmedia&parent=20"}],"curies":[{"name":"wp","href":"https:\/\/api.w.org\/{rel}","templated":true}]}}